{"id":4625,"date":"2018-07-04T19:40:51","date_gmt":"2018-07-04T19:40:51","guid":{"rendered":"http:\/\/fiordestudio.com\/?page_id=4625"},"modified":"2018-10-31T16:10:57","modified_gmt":"2018-10-31T16:10:57","slug":"educacion","status":"publish","type":"page","link":"https:\/\/fiordestudio.com\/en\/educacion\/","title":{"rendered":"Educaci\u00f3n"},"content":{"rendered":"<div id=\"agni-row-52048\" class=\"section-row agni_custom_design_css\" ><div class=\"section-row-bg-container section-row-bg-container-agni-row-52048\"><div class=\"section-row-bg section-row-bg-color\"  ><\/div><\/div><div class=\"container\"><div class=\"vc_row vc_row_fluid\"><div class=\"wpb_column agni_column_container agni_column vc_column_container vc_col-sm-12\"><div class=\"agni_column-inner vc_column-inner agni_custom_design_css text-left\"  ><div class=\"section-column-bg-container section-column-bg-container-agni-column-83795\" ><div class=\"section-column-bg section-column-bg-color\"  ><\/div><\/div><div class=\"wpb_wrapper\">    <div id=\"primary-portfolio\" class=\"page-portfolio content-area shortcode-page-portfolio\">\n        <div id=\"main-portfolio\" class=\"page-portfolio-container container site-main\">\n            <div class=\"portfolio-container has-hardcrop has-infinite-scroll\">\n\n                                <div class=\"row portfolio-row ignore-thumbnail-settings\" style=\"margin: 0 -20px; \" data-gutter=\"40\"  data-grid=\"masonry\"  data-posttype-autoplay=\"true\" data-posttype-autoplay-timeout=\"4000\" data-posttype-autoplay-speed=\"700\" data-posttype-autoplay-hover=\"true\" data-posttype-loop=\"true\" data-posttype-pagination=\"true\" data-posttype-navigation=\"false\">\n                    <div id=\"portfolio-post-5111\" class=\"portfolio-column portfolio-post portfolio-hover-style-1 all edu  width1x height1x col-xs-12 col-sm-6 col-md-4 has-bottom-caption\"  data-hardcrop=\"true\" data-thumbnail-width=\"640\" data-thumbnail-height=\"640\" style=\"margin: 20px 0; padding: 0 20px;\">\n                            <div class=\"portfolio-content-container\" style=\"background-color:rgba(122,122,122,0.36); color:rgba(0,0,0,0.01); \">\n                                <div class=\"portfolio-thumbnail\">\n                                    <img loading=\"lazy\" decoding=\"async\" class=\"portfolio-thumbnail-attachment-image attachment-640x640\" src=\"https:\/\/fiordestudio.com\/wp-content\/uploads\/2022\/01\/DYH-WEB-FIORD-640x640.jpg\" width=\"640\" height=\"640\" alt=\"DYH WEB FIORD\" title=\"DYH WEB FIORD\" \/>                                <\/div> \n                                <div class=\"portfolio-caption-content\">\n                                    <a class=\"portfolio-content-link\" href=\"https:\/\/fiordestudio.com\/en\/portfolio\/dyh\/\" target=\"_self\"><\/a>\n                                    <div class=\"portfolio-content-inner\" >\n                                        <div class=\"portfolio-content-details\">\n                                                                                    <\/div>\n                                                                            <\/div>\n                                <\/div>\n                            <\/div>\n                            <div class=\"portfolio-bottom-caption  text-center\"><h5 class=\"portfolio-bottom-caption-title\"><a href=\"https:\/\/fiordestudio.com\/en\/portfolio\/dyh\/\" target=\"_self\">Decir &#038; Hacer<\/a><\/h5><\/div>                        <\/div><div id=\"portfolio-post-5597\" class=\"portfolio-column portfolio-post portfolio-hover-style-1 all edu  width1x height1x col-xs-12 col-sm-6 col-md-4 has-bottom-caption\"  data-hardcrop=\"true\" data-thumbnail-width=\"640\" data-thumbnail-height=\"640\" style=\"margin: 20px 0; padding: 0 20px;\">\n                            <div class=\"portfolio-content-container\" style=\"background-color:rgba(122,122,122,0.36); color:rgba(0,0,0,0.01); \">\n                                <div class=\"portfolio-thumbnail\">\n                                    <img loading=\"lazy\" decoding=\"async\" class=\"portfolio-thumbnail-attachment-image attachment-640x640\" src=\"https:\/\/fiordestudio.com\/wp-content\/uploads\/2024\/04\/LEF-PORTADA-WEB-FIORD-640x640.jpg\" width=\"640\" height=\"640\" alt=\"LEF PORTADA WEB FIORD\" title=\"LEF PORTADA WEB FIORD\" \/>                                <\/div> \n                                <div class=\"portfolio-caption-content\">\n                                    <a class=\"portfolio-content-link\" href=\"https:\/\/fiordestudio.com\/en\/portfolio\/laestructurafantasma\/\" target=\"_self\"><\/a>\n                                    <div class=\"portfolio-content-inner\" >\n                                        <div class=\"portfolio-content-details\">\n                                                                                    <\/div>\n                                                                            <\/div>\n                                <\/div>\n                            <\/div>\n                            <div class=\"portfolio-bottom-caption  text-center\"><h5 class=\"portfolio-bottom-caption-title\"><a href=\"https:\/\/fiordestudio.com\/en\/portfolio\/laestructurafantasma\/\" target=\"_self\">La estructura fantasma<\/a><\/h5><\/div>                        <\/div><div id=\"portfolio-post-5110\" class=\"portfolio-column portfolio-post portfolio-hover-style-1 all edu  width1x height1x col-xs-12 col-sm-6 col-md-4 has-bottom-caption\"  data-hardcrop=\"true\" data-thumbnail-width=\"640\" data-thumbnail-height=\"640\" style=\"margin: 20px 0; padding: 0 20px;\">\n                            <div class=\"portfolio-content-container\" style=\"background-color:rgba(122,122,122,0.36); color:rgba(0,0,0,0.01); \">\n                                <div class=\"portfolio-thumbnail\">\n                                    <img loading=\"lazy\" decoding=\"async\" class=\"portfolio-thumbnail-attachment-image attachment-640x640\" src=\"https:\/\/fiordestudio.com\/wp-content\/uploads\/2022\/01\/CDA-WEB-fiord-640x640.jpg\" width=\"640\" height=\"640\" alt=\"CDA WEB fiord\" title=\"CDA WEB fiord\" \/>                                <\/div> \n                                <div class=\"portfolio-caption-content\">\n                                    <a class=\"portfolio-content-link\" href=\"https:\/\/fiordestudio.com\/en\/portfolio\/cda\/\" target=\"_self\"><\/a>\n                                    <div class=\"portfolio-content-inner\" >\n                                        <div class=\"portfolio-content-details\">\n                                                                                    <\/div>\n                                                                            <\/div>\n                                <\/div>\n                            <\/div>\n                            <div class=\"portfolio-bottom-caption  text-center\"><h5 class=\"portfolio-bottom-caption-title\"><a href=\"https:\/\/fiordestudio.com\/en\/portfolio\/cda\/\" target=\"_self\">Cuerpo de archivos<\/a><\/h5><\/div>                        <\/div><div id=\"portfolio-post-4557\" class=\"portfolio-column portfolio-post portfolio-hover-style-1 all edu  width1x height1x col-xs-12 col-sm-6 col-md-4 has-bottom-caption\"  data-hardcrop=\"true\" data-thumbnail-width=\"640\" data-thumbnail-height=\"640\" style=\"margin: 20px 0; padding: 0 20px;\">\n                            <div class=\"portfolio-content-container\" style=\"background-color:rgba(122,122,122,0.36); color:rgba(0,0,0,0.01); \">\n                                <div class=\"portfolio-thumbnail\">\n                                    <img loading=\"lazy\" decoding=\"async\" class=\"portfolio-thumbnail-attachment-image attachment-640x640\" src=\"https:\/\/fiordestudio.com\/wp-content\/uploads\/2024\/04\/DVDR-WEB-FIORD-640x640.jpg\" width=\"640\" height=\"640\" alt=\"DVDR WEB FIORD\" title=\"DVDR WEB FIORD\" \/>                                <\/div> \n                                <div class=\"portfolio-caption-content\">\n                                    <a class=\"portfolio-content-link\" href=\"https:\/\/fiordestudio.com\/en\/portfolio\/4557\/\" target=\"_self\"><\/a>\n                                    <div class=\"portfolio-content-inner\" >\n                                        <div class=\"portfolio-content-details\">\n                                                                                    <\/div>\n                                                                            <\/div>\n                                <\/div>\n                            <\/div>\n                            <div class=\"portfolio-bottom-caption  text-center\"><h5 class=\"portfolio-bottom-caption-title\"><a href=\"https:\/\/fiordestudio.com\/en\/portfolio\/4557\/\" target=\"_self\">Diarios de viaje y dispositivos de registro<\/a><\/h5><\/div>                        <\/div>                        <div class=\"grid-sizer col-xs-12 col-sm-6 col-md-4\"><\/div>\n                                    <\/div>\n                <div class=\"load-more\" data-msg-text=\"Cargando\" data-finished-text=\"\"><\/div><div class=\"portfolio-number-navigation page-number-navigation navigation text-center\"><\/div>            <\/div>\n        <\/div><!-- #main -->\n    <\/div><!-- #primary --> \n<\/div><\/div><\/div><\/div><\/div><\/div>","protected":false},"excerpt":{"rendered":"Diarios de viaje y dispositivos de registroWorkshop de reflexi\u00f3n y creaci\u00f3n sobre viajes ajenos y propios, reales o imaginados. Las tecnolog\u00edas de registro: l\u00e1piz y cuaderno, grabadora, c\u00e1mara fotogr\u00e1fica o de video que decidimos llevar en un viaje nos permiten atestiguar nuestras experiencias. En este espacio proponemos pensar esos soportes, conocer artistas que los han [...]","protected":false},"author":3,"featured_media":0,"parent":0,"menu_order":0,"comment_status":"closed","ping_status":"closed","template":"","meta":{"footnotes":""},"class_list":["post-4625","page","type-page","status-publish","hentry"],"_links":{"self":[{"href":"https:\/\/fiordestudio.com\/en\/wp-json\/wp\/v2\/pages\/4625","targetHints":{"allow":["GET"]}}],"collection":[{"href":"https:\/\/fiordestudio.com\/en\/wp-json\/wp\/v2\/pages"}],"about":[{"href":"https:\/\/fiordestudio.com\/en\/wp-json\/wp\/v2\/types\/page"}],"author":[{"embeddable":true,"href":"https:\/\/fiordestudio.com\/en\/wp-json\/wp\/v2\/users\/3"}],"replies":[{"embeddable":true,"href":"https:\/\/fiordestudio.com\/en\/wp-json\/wp\/v2\/comments?post=4625"}],"version-history":[{"count":6,"href":"https:\/\/fiordestudio.com\/en\/wp-json\/wp\/v2\/pages\/4625\/revisions"}],"predecessor-version":[{"id":4794,"href":"https:\/\/fiordestudio.com\/en\/wp-json\/wp\/v2\/pages\/4625\/revisions\/4794"}],"wp:attachment":[{"href":"https:\/\/fiordestudio.com\/en\/wp-json\/wp\/v2\/media?parent=4625"}],"curies":[{"name":"wp","href":"https:\/\/api.w.org\/{rel}","templated":true}]}}