{"id":4801,"date":"2018-11-27T23:01:50","date_gmt":"2018-11-27T23:01:50","guid":{"rendered":"http:\/\/fiordestudio.com\/?page_id=4801"},"modified":"2024-04-06T15:46:56","modified_gmt":"2024-04-06T15:46:56","slug":"informacion","status":"publish","type":"page","link":"https:\/\/fiordestudio.com\/en\/informacion\/","title":{"rendered":"Informaci\u00f3n"},"content":{"rendered":"<div class=\"grid-block\" style=\"background-image: url('https:\/\/fiordestudio.com\/wp-content\/uploads\/2018\/03\/DI00278-e1520309043579.jpg'); width: 100%; height: 100vh;\">\n<p style=\"text-align: center; font-size: 20px;\">Fi\u00f8rd estudio es una productora de arte y contenidos audiovisuales.<br \/>\nTrabajamos con artistas, instituciones y empresas en la construcci\u00f3n de soluciones narrativas,<br \/>\nest\u00e9ticas y conceptuales acordes a cada trabajo.<br \/>\nNuestros proyectos de cine, arte contempor\u00e1neo y educaci\u00f3n tienen como eje editorial<br \/>\nla producci\u00f3n de pensamiento est\u00e9tico y pol\u00edtico en di\u00e1logo con el presente.<br \/>\nNos inspiran los archivos, las historias de vida y los experimentos formales.<br \/>\nEn Fi\u00f8rd creamos piezas de arte y comunicaci\u00f3n duraderas con resonancia en el campo cultural.<\/p>\n<p id=\"directores\" style=\"text-align: center; font-size: 18px;\"><a href=\"https:\/\/fiordestudio.com\/en\/directores\/\">AGUSTINA PEREZ RIAL<\/a> \u00a0\u00a0\u00a0\u00a0\u00a0\u00a0\u00a0<a href=\"https:\/\/fiordestudio.com\/en\/directores\/\">IVO AICHENBAUM<\/a><\/p>\n<h5 style=\"text-align: center; text-transform: uppercase;\">\nESPA\u00d1A &#8211; Uruguay<\/h5>\n<p id=\"directores\" style=\"text-align: center; font-size: 18px;\">\u00a0<a href=\"https:\/\/fiordestudio.com\/en\/uruguay\/\">IRINA RAFFO<\/a><\/p>\n<\/div>","protected":false},"excerpt":{"rendered":"<p>Fi\u00f8rd estudio es una productora de arte y contenidos audiovisuales. Trabajamos con artistas, instituciones y empresas en la construcci\u00f3n de soluciones narrativas, est\u00e9ticas y conceptuales acordes a cada trabajo. Nuestros proyectos de cine, arte contempor\u00e1neo y educaci\u00f3n tienen como eje editorial la producci\u00f3n de pensamiento est\u00e9tico y pol\u00edtico en di\u00e1logo con el presente. Nos inspiran [&hellip;]<\/p>\n","protected":false},"author":5,"featured_media":0,"parent":0,"menu_order":0,"comment_status":"closed","ping_status":"closed","template":"","meta":{"footnotes":""},"class_list":["post-4801","page","type-page","status-publish","hentry"],"_links":{"self":[{"href":"https:\/\/fiordestudio.com\/en\/wp-json\/wp\/v2\/pages\/4801","targetHints":{"allow":["GET"]}}],"collection":[{"href":"https:\/\/fiordestudio.com\/en\/wp-json\/wp\/v2\/pages"}],"about":[{"href":"https:\/\/fiordestudio.com\/en\/wp-json\/wp\/v2\/types\/page"}],"author":[{"embeddable":true,"href":"https:\/\/fiordestudio.com\/en\/wp-json\/wp\/v2\/users\/5"}],"replies":[{"embeddable":true,"href":"https:\/\/fiordestudio.com\/en\/wp-json\/wp\/v2\/comments?post=4801"}],"version-history":[{"count":8,"href":"https:\/\/fiordestudio.com\/en\/wp-json\/wp\/v2\/pages\/4801\/revisions"}],"predecessor-version":[{"id":5591,"href":"https:\/\/fiordestudio.com\/en\/wp-json\/wp\/v2\/pages\/4801\/revisions\/5591"}],"wp:attachment":[{"href":"https:\/\/fiordestudio.com\/en\/wp-json\/wp\/v2\/media?parent=4801"}],"curies":[{"name":"wp","href":"https:\/\/api.w.org\/{rel}","templated":true}]}}