{"id":4366,"date":"2018-03-23T22:14:51","date_gmt":"2018-03-23T22:14:51","guid":{"rendered":"http:\/\/fiordestudio.com\/?page_id=4366"},"modified":"2018-11-29T07:11:14","modified_gmt":"2018-11-29T07:11:14","slug":"directores","status":"publish","type":"page","link":"https:\/\/fiordestudio.com\/en\/directores\/","title":{"rendered":"Directores"},"content":{"rendered":"<div id=\"agni-row-68669\" class=\"section-row agni_custom_design_css\"  style=\"padding-top: 80px; padding-bottom: 80px; \" data-css-default=\"padding-top: 80px; padding-bottom: 80px; \"><div class=\"section-row-bg-container section-row-bg-container-agni-row-68669\"><div class=\"section-row-bg section-row-bg-color\" style=\"background-color: #ffffff; \" ><\/div><\/div><div class=\"container\"><div class=\"vc_row vc_row_fluid\"><div class=\"wpb_column agni_column_container agni_column vc_column_container vc_col-sm-12 vc_col-md-offset-2 vc_col-md-8\"><div class=\"agni_column-inner vc_column-inner agni_custom_design_css text-left\"  ><div class=\"section-column-bg-container section-column-bg-container-agni-column-38563\" ><div class=\"section-column-bg section-column-bg-color\"  ><\/div><\/div><div class=\"wpb_wrapper\"><div class=\"agni_custom_heading page-scroll\" ><h1 class=\"vc_custom_heading agni_custom_heading_responsive  agni_custom_heading_content\"  style=\"font-size: 40px;text-align: center; font-weight:300; \" data-css-existing=\"font-size: 40px;text-align: center; font-weight:300; \"><span>DIRECTORES<\/span><\/h1><\/div><\/div><\/div><\/div><\/div><\/div><\/div><section class=\"vc_section agni-section\"><div id=\"agni-row-23538\" class=\"section-row agni_custom_design_css\" ><div class=\"section-row-bg-container section-row-bg-container-agni-row-23538\"><div class=\"section-row-bg section-row-bg-color\" style=\"background-color: #ffffff; \" ><\/div><\/div><div class=\"container\"><div class=\"vc_row vc_row_fluid vc_row-o-equal-height vc_row-o-content-top vc_column-gap-3 vc_row-flex\"><div class=\"wpb_column agni_column_container agni_column vc_column_container vc_col-sm-6\"><div class=\"agni_column-inner vc_column-inner agni_custom_design_css text-left\"  ><div class=\"section-column-bg-container section-column-bg-container-agni-column-57205\" ><div class=\"section-column-bg section-column-bg-color\"  ><\/div><\/div><div class=\"wpb_wrapper\"><div class=\"agni_custom_heading page-scroll\" ><p class=\"vc_custom_heading agni_custom_heading_content\"  style=\"font-size: 20px;text-align: center; \" data-css-existing=\"font-size: 20px;text-align: center; \"><span>Agustina P\u00e9rez Rial<\/span><\/p><\/div><div class=\"agni_custom_heading page-scroll\" ><p class=\"vc_custom_heading agni_custom_heading_content\"  style=\"font-size: 17px;text-align: left; \" data-css-existing=\"font-size: 17px;text-align: left; \"><span>Graduada en Ciencias de la Comunicaci\u00f3n (FSOC-UBA), diploma en Gesti\u00f3n Cultural (IDAES-UNSAM) y magister en An\u00e1lisis del Discurso (FFyL-UBA). Participa de grupos de investigaci\u00f3n UNTREF, UBACyT y UNA. Sus l\u00edneas de trabajo se ubican en la intersecci\u00f3n entre semi\u00f3tica, estudios audiovisuales y g\u00e9nero.<br \/>\nEs coeditora del libro \"Tr\u00e1nsitos de la mirada. Mujeres que hacen cine en Argentina\" (Libraria, 2014). Tiene publicaciones en revista nacionales y extranjeras y ha dictado talleres en el pa\u00eds y en el exterior. Ha trabajado como consultora y en la coordinaci\u00f3n de proyectos para diferentes organizaciones del tercer sector.<br \/>\nEn 2015 particip\u00f3 del proyecto Chaco Ra\u00b4anga (La figura del Chaco) una iniciativa convocada por la Red de Centros Culturales de Espa\u00f1a de la Agencia Espa\u00f1ola de Cooperaci\u00f3n Internacional para el Desarrollo (AECID), fue en el a\u00f1o 2016 una de las curadoras del Programa de Artistas de la Universidad Torcuato Di Tella y, el a\u00f1o 2017 particip\u00f3 del Programa de Cine en la misma instituci\u00f3n con su proyecto de largometraje \"Danubio\", \u00f3pera prima como productora y directora. Desde 2017 dirige Fi\u00f8rd estudio.<\/span><\/p><\/div><\/div><\/div><\/div><div class=\"wpb_column agni_column_container agni_column vc_column_container vc_col-sm-6\"><div class=\"agni_column-inner vc_column-inner agni_custom_design_css text-center\"  ><div class=\"section-column-bg-container section-column-bg-container-agni-column-24731\" ><div class=\"section-column-bg section-column-bg-color\"  ><\/div><\/div><div class=\"wpb_wrapper\"><div class=\"agni_custom_heading page-scroll\" ><p class=\"vc_custom_heading agni_custom_heading_content\"  style=\"font-size: 20px;text-align: center; \" data-css-existing=\"font-size: 20px;text-align: center; \"><span>Ivo Aichenbaum<\/span><\/p><\/div><div class=\"agni_custom_heading page-scroll\" ><p class=\"vc_custom_heading agni_custom_heading_content\"  style=\"font-size: 17px;text-align: left; \" data-css-existing=\"font-size: 17px;text-align: left; \"><span>Dise\u00f1ador de Imagen y Sonido (FADU-UBA). Recibi\u00f3 distintas becas en artes visuales. En el a\u00f1o 2011 particip\u00f3 del Laboratorio de Cine y en 2012 del Programa de Artistas ambos en la Universidad Torcuato Di Tella. Desde 2010 expone video, fotograf\u00eda e instalaciones en galer\u00edas, espacios autogestivos y museos.<br \/>\nSus largometrajes \"La parte autom\u00e1tica\" y \"Cabeza de rat\u00f3n\" fueron estrenados en las ediciones 2012 y 2013 del BAFICI, dentro de la competencia Cine del futuro y en la secci\u00f3n Panorama respectivamente. Los films participaron en otros festivales y fueron estrenados comercialmente.<br \/>\nEn 2014 recibi\u00f3 la primera menci\u00f3n especial del jurado por \"Cabeza de Rat\u00f3n\" en el 10 Festifreak de La Plata, y junto a la fot\u00f3grafa Soledad Manrique, co-dirigi\u00f3 su tercer largometraje \"Formosa\".<br \/>\nEntre 2014 y 2016 se desempe\u00f1\u00f3 como docente en cursos de documental, cine ensayo y arte contempor\u00e1neo. En 2017 result\u00f3 ganador de la Bienal de Arte Joven de Buenos Aires. Con su proyecto \"Diario internacional\" obtuvo la beca Oxenford para viajes y particip\u00f3 de las residencias: Belgrade Art Studio en Serbia, Red Gate Residency en China y CasaTresPatios en Colombia. Desde 2017 dirige Fi\u00f8rd estudio.<\/span><\/p><\/div><\/div><\/div><\/div><\/div><\/div><\/div><\/section><div id=\"agni-row-21152\" class=\"section-row agni_custom_design_css\" ><div class=\"section-row-bg-container section-row-bg-container-agni-row-21152\"><div class=\"section-row-bg section-row-bg-color\" style=\"background-color: #ffffff; \" ><\/div><\/div><div class=\"container\"><div class=\"vc_row vc_row_fluid vc_row-o-equal-height vc_row-o-content-top vc_column-gap-10 vc_row-flex\"><div class=\"wpb_column agni_column_container agni_column vc_column_container vc_col-sm-6 vc_col-md-5\"><div class=\"agni_column-inner vc_column-inner agni_custom_design_css text-left\"  ><div class=\"section-column-bg-container section-column-bg-container-agni-column-63718\" ><div class=\"section-column-bg section-column-bg-color\"  ><\/div><\/div><div class=\"wpb_wrapper\"><div class=\"agni_empty_space vc_empty_space\"  style=\"height: 30px\" data-height = \"30px\" data-height-tab = \"30px\" data-height-mobile = \"30px\"><span class=\"vc_empty_space_inner\"><\/span><\/div>\n<\/div><\/div><\/div><div class=\"wpb_column agni_column_container agni_column vc_column_container vc_col-sm-6 vc_col-md-5 vc_col-sm-offset-1\"><div class=\"agni_column-inner vc_column-inner agni_custom_design_css text-left\"  ><div class=\"section-column-bg-container section-column-bg-container-agni-column-94013\" ><div class=\"section-column-bg section-column-bg-color\"  ><\/div><\/div><div class=\"wpb_wrapper\"><div class=\"agni_empty_space vc_empty_space\"  style=\"height: 30px\" data-height = \"30px\" data-height-tab = \"30px\" data-height-mobile = \"30px\"><span class=\"vc_empty_space_inner\"><\/span><\/div>\n<\/div><\/div><\/div><\/div><\/div><\/div><section class=\"vc_section agni-section\"><div id=\"agni-row-30170\" class=\"section-row agni_custom_design_css\" ><div class=\"section-row-bg-container section-row-bg-container-agni-row-30170\"><div class=\"section-row-bg section-row-bg-color\"  ><\/div><\/div><div class=\"container\"><div class=\"vc_row vc_row_fluid\"><div class=\"wpb_column agni_column_container agni_column vc_column_container vc_col-sm-6\"><div class=\"agni_column-inner vc_column-inner agni_custom_design_css text-center\"  ><div class=\"section-column-bg-container section-column-bg-container-agni-column-23005\" ><div class=\"section-column-bg section-column-bg-color\"  ><\/div><\/div><div class=\"wpb_wrapper\">\n\t<div class=\"agni_text_column agni-text-block  agni_custom_design_css\"  >\n\t\t<p><a href=\"mailto:apr1390@gmail.com\" target=\"_blank\" rel=\"noopener\">apr1390@gmail.com<\/a><br \/>\n(+54) 11-6043-1268<br \/>\n<a href=\"http:\/\/www.agustinaperezrial.com\" target=\"_blank\" rel=\"noopener\">www.agustinaperezrial.com<\/a><\/p>\n\n\t<\/div>\n<\/div><\/div><\/div><div class=\"wpb_column agni_column_container agni_column vc_column_container vc_col-sm-6\"><div class=\"agni_column-inner vc_column-inner agni_custom_design_css text-center\"  ><div class=\"section-column-bg-container section-column-bg-container-agni-column-93366\" ><div class=\"section-column-bg section-column-bg-color\"  ><\/div><\/div><div class=\"wpb_wrapper\">\n\t<div class=\"agni_text_column agni-text-block  agni_custom_design_css\"  >\n\t\t<p><a href=\"mailto:ivoaichen@gmail.com\" target=\"_blank\" rel=\"noopener\">ivoaichen@gmail.com<\/a><br \/>\n(+54) 11-5737-5612<br \/>\n<a href=\"http:\/\/www.ivoaichenbaum.com\" target=\"_blank\" rel=\"noopener\">www.ivoaichenbaum.com<\/a><\/p>\n\n\t<\/div>\n<\/div><\/div><\/div><\/div><\/div><\/div><div id=\"agni-row-56095\" class=\"section-row agni_custom_design_css\" ><div class=\"section-row-bg-container section-row-bg-container-agni-row-56095\"><div class=\"section-row-bg section-row-bg-color\" style=\"background-color: #ffffff; \" ><\/div><\/div><div class=\"container\"><div class=\"vc_row vc_row_fluid\"><div class=\"wpb_column agni_column_container agni_column vc_column_container vc_col-sm-6\"><div class=\"agni_column-inner vc_column-inner agni_custom_design_css text-left\"  ><div class=\"section-column-bg-container section-column-bg-container-agni-column-13977\" ><div class=\"section-column-bg section-column-bg-color\"  ><\/div><\/div><div class=\"wpb_wrapper\"><div class=\"agni-image custom-image-container agni-image-default text-center\">\r\n\t\t\t<figure class=\"agni-image-figure\">\r\n\t\t\t\t\r\n\t\t\t\t<figcaption class=\"vc_figure-caption\"><\/figcaption>\r\n\t\t\t<\/figure>\r\n\t\t<\/div><\/div><\/div><\/div><div class=\"wpb_column agni_column_container agni_column vc_column_container vc_col-sm-6\"><div class=\"agni_column-inner vc_column-inner agni_custom_design_css text-left\"  ><div class=\"section-column-bg-container section-column-bg-container-agni-column-41300\" ><div class=\"section-column-bg section-column-bg-color\"  ><\/div><\/div><div class=\"wpb_wrapper\"><div class=\"agni-image custom-image-container agni-image-default text-center\">\r\n\t\t\t<figure class=\"agni-image-figure\">\r\n\t\t\t\t\r\n\t\t\t\t<figcaption class=\"vc_figure-caption\"><\/figcaption>\r\n\t\t\t<\/figure>\r\n\t\t<\/div><\/div><\/div><\/div><\/div><\/div><\/div><\/section><section class=\"vc_section agni-section\"><div id=\"agni-row-15238\" class=\"section-row agni_custom_design_css\" ><div class=\"section-row-bg-container section-row-bg-container-agni-row-15238\"><div class=\"section-row-bg section-row-bg-color\" style=\"background-color: #ffffff; \" ><\/div><\/div><div class=\"container\"><div class=\"vc_row vc_row_fluid\"><div class=\"wpb_column agni_column_container agni_column vc_column_container vc_col-sm-12\"><div class=\"agni_column-inner vc_column-inner agni_custom_design_css text-left\"  ><div class=\"section-column-bg-container section-column-bg-container-agni-column-18656\" ><div class=\"section-column-bg section-column-bg-color\"  ><\/div><\/div><div class=\"wpb_wrapper\"><div class=\"agni_empty_space vc_empty_space\"  style=\"height: 100px\" data-height = \"100px\" data-height-tab = \"100px\" data-height-mobile = \"100px\"><span class=\"vc_empty_space_inner\"><\/span><\/div>\n<\/div><\/div><\/div><\/div><\/div><\/div><\/section>","protected":false},"excerpt":{"rendered":"DIRECTORESAgustina P\u00e9rez RialGraduada en Ciencias de la Comunicaci\u00f3n (FSOC-UBA), diploma en Gesti\u00f3n Cultural (IDAES-UNSAM) y magister en An\u00e1lisis del Discurso (FFyL-UBA). Participa de grupos de investigaci\u00f3n UNTREF, UBACyT y UNA. Sus l\u00edneas de trabajo se ubican en la intersecci\u00f3n entre semi\u00f3tica, estudios audiovisuales y g\u00e9nero. Es coeditora del libro \"Tr\u00e1nsitos de la mirada. Mujeres que [...]","protected":false},"author":3,"featured_media":0,"parent":0,"menu_order":0,"comment_status":"closed","ping_status":"closed","template":"","meta":{"footnotes":""},"class_list":["post-4366","page","type-page","status-publish","hentry"],"_links":{"self":[{"href":"https:\/\/fiordestudio.com\/en\/wp-json\/wp\/v2\/pages\/4366","targetHints":{"allow":["GET"]}}],"collection":[{"href":"https:\/\/fiordestudio.com\/en\/wp-json\/wp\/v2\/pages"}],"about":[{"href":"https:\/\/fiordestudio.com\/en\/wp-json\/wp\/v2\/types\/page"}],"author":[{"embeddable":true,"href":"https:\/\/fiordestudio.com\/en\/wp-json\/wp\/v2\/users\/3"}],"replies":[{"embeddable":true,"href":"https:\/\/fiordestudio.com\/en\/wp-json\/wp\/v2\/comments?post=4366"}],"version-history":[{"count":14,"href":"https:\/\/fiordestudio.com\/en\/wp-json\/wp\/v2\/pages\/4366\/revisions"}],"predecessor-version":[{"id":4849,"href":"https:\/\/fiordestudio.com\/en\/wp-json\/wp\/v2\/pages\/4366\/revisions\/4849"}],"wp:attachment":[{"href":"https:\/\/fiordestudio.com\/en\/wp-json\/wp\/v2\/media?parent=4366"}],"curies":[{"name":"wp","href":"https:\/\/api.w.org\/{rel}","templated":true}]}}